{"id":407,"date":"2018-06-12T19:06:42","date_gmt":"2018-06-12T19:06:42","guid":{"rendered":"https:\/\/ctdint.com\/data-protection\/"},"modified":"2018-06-20T14:19:35","modified_gmt":"2018-06-20T14:19:35","slug":"datenschutz","status":"publish","type":"page","link":"https:\/\/ctdint.com\/de\/datenschutz\/","title":{"rendered":"Datenschutzerkl\u00e4rung"},"content":{"rendered":"<p><strong>Erkl\u00e4rung zur Informationspflicht<\/strong><\/p>\n<p>Der Schutz von personenbezogenen Daten ist uns wichtig und auch gesetzlich gefordert. Die Verarbeitung Ihrer personenbezogenen Daten erfolgt nach den datenschutzrechtlichen Bestimmungen. Die nachstehende \u00dcbersicht soll Sie \u00fcber die wichtigsten Aspekte der Verarbeitung personenbezogener Daten informieren.<\/p>\n<p><strong>Zu welchem Zweck verarbeiten wir Ihre Daten:<\/strong><\/p>\n<p>Interessenten- und Kundenverwaltung im Rahmen der Immobilienvermittlung (einschlie\u00dflich automationsunterst\u00fctzt erstellter und archivierter Textdokumente (wie z. B. Korrespondenz) in diesen Angelegenheiten).<\/p>\n<p><strong>Rechtsgrundlage:<\/strong><\/p>\n<p>Vertrag, Vertragsanbahnung (Vermittlungsvertrag) sowie gesetzliche Grundlage<\/p>\n<p><strong>Wie lange speichern wir Ihre Daten:<\/strong><\/p>\n<p>Die Daten werden w\u00e4hrend der Dauer des Vertragsverh\u00e4ltnisses und nach Beendigung dessen zumindest solange aufbewahrt, als gesetzliche Aufbewahrungsfristen bestehen oder Verj\u00e4hrungsfristen potentieller Rechtsanspr\u00fcche noch nicht abgelaufen sind.<\/p>\n<p><strong>An wen geben wir Ihre Daten weiter:<\/strong><\/p>\n<p>Wir speichern und verarbeiten die uns \u00fcbermittelten bzw. bekanntgegebenen personenbezogenen Daten nur soweit es mit der Abwicklung des Vertrages (Vermittlungsvertrag) im Zusammenhang steht. Eine Weitergabe erfolgt nur im minimal erforderlichen Umfang und soweit es f\u00fcr die Vertragsabwicklung notwendig ist, auf einer gesetzlichen Grundlage beruht oder ein berechtigtes Interesse an der Gesch\u00e4ftsabwicklung beteiligter (Dritter) besteht.<\/p>\n<p>M\u00f6gliche Empf\u00e4nger k\u00f6nnen sein: Abteilungen des Unternehmens, die mit der Gesch\u00e4ftsabwicklung befasst sind (z.B. EDV, sonstige Verwaltungseinheiten) oder an der Gesch\u00e4ftsabwicklung beteiligte Dritte (an der Gesch\u00e4ftsabwicklung notwendigerweise teilnehmende Personen und potentielle Vertragspartner, weitere Makler, Vermittlungsplattformen, Hausverwaltungen, Finanzierungsunternehmen, private und \u00f6ffentliche Stellen, die Informationen zu Objekten bekannt geben k\u00f6nnen oder ben\u00f6tigen, Versicherungen), Dienstleister des Verantwortlichen (z.B. Steuerberater, Lohnverrechnung, Rechtsanwalt) sowie Beh\u00f6rden (Sozialversicherung, Finanzamt, sonstige Beh\u00f6rden), Rechtsvertreter (bei der Durchsetzung von Rechten oder Abwehr von Anspr\u00fcchen oder im Rahmen von Beh\u00f6rdenverfahren) oder Unternehmen, die im Rahmen der Betreuung der IT-Infrastruktur (Software, Hardware) als Auftragnehmer t\u00e4tig sind.<\/p>\n<p>Keinesfalls werden Ihre Daten zu Werbezwecken o.\u00e4. weitergegeben. Unsere Mitarbeiter und unsere Dienstleistungsunternehmen sind zur Verschwiegenheit und zur Einhaltung der Datenschutzbestimmungen verpflichtet.<\/p>\n<p>Es ist weder vertraglich noch gesetzlich vorgeschrieben, dass Sie Ihre Daten bereitstellen und es gibt auch keine Verpflichtung dazu. Die Daten sind allerdings erforderlich, damit das Vertragsverh\u00e4ltnis ordnungsgem\u00e4\u00df durchgef\u00fchrt werden kann.<\/p>\n<p><strong>Kontakt mit uns<\/strong><\/p>\n<p>Wenn Sie per Formular auf der Website oder per E-Mail Kontakt mit uns aufnehmen, werden Ihre angegebenen Daten zwecks Bearbeitung der Anfrage und f\u00fcr den Fall von Anschlussfragen bei uns gespeichert.<\/p>\n<p><strong>Newsletter<\/strong><\/p>\n<p>Sie haben die M\u00f6glichkeit, \u00fcber unsere Website unseren Newsletter zu abonnieren. Hierf\u00fcr ben\u00f6tigen wir Ihre E-Mail-Adresse und Ihre Erkl\u00e4rung, dass Sie mit dem Bezug des Newsletters einverstanden sind.<\/p>\n<p>Um Sie zielgerichtet mit Informationen zu versorgen, erheben und verarbeiten wir au\u00dferdem freiwillig gemachte Angaben zu Interessengebieten, Anschrift und Postleitzahl.<\/p>\n<p>Das Abo des Newsletters k\u00f6nnen Sie jederzeit stornieren. Senden Sie Ihre Stornierung bitte an folgende E-Mail-Adresse: info@ctdint.com. Wir l\u00f6schen anschlie\u00dfend umgehend Ihre Daten im Zusammenhang mit dem Newsletter-Versand.<\/p>\n<p><strong>Verwendung von Google Analytics<\/strong><\/p>\n<p>Diese Webseite benutzt Google Analytics, einen Webanalysedienst der Google Inc. (folgend: Google). Google Analytics verwendet sog. \u201eCookies\u201c, also Textdateien, die auf Ihrem Computer gespeichert werden und die eine Analyse der Benutzung der Webseite durch Sie erm\u00f6glichen. Die durch das Cookie erzeugten Informationen \u00fcber Ihre Benutzung dieser Webseite werden in der Regel an einen Server von Google in den USA \u00fcbertragen und dort gespeichert. Aufgrund der Aktivierung der IP-Anonymisierung auf diesen Webseiten, wird Ihre IP-Adresse von Google jedoch innerhalb von Mitgliedstaaten der Europ\u00e4ischen Union oder in anderen Vertragsstaaten des Abkommens \u00fcber den Europ\u00e4ischen Wirtschaftsraum zuvor gek\u00fcrzt. Nur in Ausnahmef\u00e4llen wird die volle IP-Adresse an einen Server von Google in den USA \u00fcbertragen und dort gek\u00fcrzt. Im Auftrag des Betreibers dieser Webseite wird Google diese Informationen benutzen, um Ihre Nutzung der Webseite auszuwerten, um Reports \u00fcber die Webseitenaktivit\u00e4ten zusammenzustellen und um weitere mit der Webseitennutzung und der Internetnutzung verbundene Dienstleistungen gegen\u00fcber dem Webseitenbetreiber zu erbringen. Die im Rahmen von Google Analytics von Ihrem Browser \u00fcbermittelte IP-Adresse wird nicht mit anderen Daten von Google zusammengef\u00fchrt.<\/p>\n<p>Sie k\u00f6nnen die Speicherung der Cookies durch eine entsprechende Einstellung Ihrer Browser-Software verhindern; wir weisen Sie jedoch darauf hin, dass Sie in diesem Fall gegebenenfalls nicht s\u00e4mtliche Funktionen dieser Webseite vollumf\u00e4nglich werden nutzen k\u00f6nnen. Sie k\u00f6nnen dar\u00fcber hinaus die Erfassung der durch das Cookie erzeugten und auf Ihre Nutzung der Webseite bezogenen Daten (inkl. Ihrer IP-Adresse) an Google sowie die Verarbeitung dieser Daten durch Google verhindern, indem sie das unter dem folgenden Link verf\u00fcgbare Browser-Plugin\u00a0herunterladen und installieren: Browser-Add-on zur Deaktivierung von Google Analytics.<\/p>\n<p>Zus\u00e4tzlich oder als Alternative zum Browser-Add-On k\u00f6nnen Sie das Tracking durch Google Analytics auf unseren Seiten unterbinden, indem Sie diesen Link anklicken. Dabei wird ein\u00a0Opt-Out-Cookie auf Ihrem Ger\u00e4t installiert. Damit wird die Erfassung durch Google Analytics f\u00fcr diese Website und f\u00fcr diesen Browser zuk\u00fcnftig verhindert, so lange der Cookie in Ihrem Browser installiert bleibt.<\/p>\n<p><strong>Verwendung von\u00a0Scriptbibliotheken\u00a0(Google\u00a0Webfonts)<\/strong><\/p>\n<p>Um unsere Inhalte browser\u00fcbergreifend korrekt und grafisch ansprechend darzustellen, verwenden wir auf dieser Website\u00a0Scriptbibliotheken\u00a0und Schriftbibliotheken wie z. B. Google\u00a0Webfonts\u00a0(https:\/\/www.google.com\/webfonts\/). Google\u00a0Webfonts\u00a0werden zur Vermeidung mehrfachen Ladens in den Cache Ihres Browsers \u00fcbertragen. Falls der Browser die Google\u00a0Webfonts\u00a0nicht unterst\u00fctzt oder den Zugriff unterbindet, werden Inhalte in einer Standardschrift angezeigt.<\/p>\n<p>Der Aufruf von\u00a0Scriptbibliotheken\u00a0oder Schriftbibliotheken l\u00f6st automatisch eine Verbindung zum Betreiber der Bibliothek aus. Dabei ist es theoretisch m\u00f6glich &#8211; aktuell allerdings auch unklar ob und ggf. zu welchen Zwecken &#8211; dass Betreiber entsprechender Bibliotheken Daten erheben.<\/p>\n<p>Die Datenschutzrichtlinie des Bibliothekbetreibers Google finden Sie hier: https:\/\/www.google.com\/policies\/privacy\/<\/p>\n<p><strong>Verwendung von Google\u00a0Maps<\/strong><\/p>\n<p>Diese Webseite verwendet Google\u00a0Maps\u00a0API, um geographische Informationen visuell darzustellen. Bei der Nutzung von Google\u00a0Mapswerden von Google auch Daten \u00fcber die Nutzung der Kartenfunktionen durch Besucher erhoben, verarbeitet und genutzt. N\u00e4here Informationen \u00fcber die Datenverarbeitung durch Google k\u00f6nnen Sie den Google-Datenschutzhinweisen entnehmen. Dort k\u00f6nnen Sie im Datenschutzcenter auch Ihre pers\u00f6nlichen Datenschutz-Einstellungen ver\u00e4ndern.<\/p>\n<p><strong>Eingebettete YouTube-Videos<\/strong><\/p>\n<p>Auf einigen unserer Webseiten betten wir\u00a0Youtube-Videos ein. Betreiber der entsprechenden\u00a0Plugins\u00a0ist die YouTube, LLC, 901 Cherry Ave., San Bruno, CA 94066, USA. Wenn Sie eine Seite mit dem YouTube-Plugin\u00a0besuchen, wird eine Verbindung zu Servern von\u00a0Youtubehergestellt. Dabei wird\u00a0Youtube\u00a0mitgeteilt, welche Seiten Sie besuchen. Wenn Sie in Ihrem\u00a0Youtube-Account eingeloggt sind, kann\u00a0Youtube\u00a0Ihr Surfverhalten Ihnen pers\u00f6nlich zuzuordnen. Dies verhindern Sie, indem Sie sich vorher aus Ihrem\u00a0Youtube-Account ausloggen.<\/p>\n<p>Wird ein\u00a0Youtube-Video gestartet, setzt der Anbieter Cookies ein, die Hinweise \u00fcber das Nutzerverhalten sammeln.<\/p>\n<p>Wer das Speichern von Cookies f\u00fcr das Google-Ad-Programm deaktiviert hat, wird auch beim Anschauen von\u00a0Youtube-Videos mit keinen solchen Cookies rechnen m\u00fcssen.\u00a0Youtube\u00a0legt aber auch in anderen Cookies nicht-personenbezogene Nutzungsinformationen ab. M\u00f6chten Sie dies verhindern, so m\u00fcssen Sie das Speichern von Cookies im Browser blockieren.<\/p>\n<p>Weitere Informationen zum Datenschutz bei \u201eYoutube\u201c finden Sie in der Datenschutzerkl\u00e4rung des Anbieters unter: https:\/\/www.google.de\/intl\/de\/policies\/privacy\/<\/p>\n<p><strong>Social\u00a0Plugins<\/strong><\/p>\n<p>Auf unseren Webseiten werden\u00a0Social\u00a0Plugins\u00a0der unten aufgef\u00fchrten Anbieter eingesetzt. Die\u00a0Plugins\u00a0k\u00f6nnen Sie daran erkennen, dass sie mit dem entsprechenden Logo gekennzeichnet sind.<\/p>\n<p>\u00dcber diese\u00a0Plugins\u00a0werden unter Umst\u00e4nden Informationen, zu denen auch personenbezogene Daten geh\u00f6ren k\u00f6nnen, an den\u00a0Dienstebetreiber\u00a0gesendet und ggf. von diesem genutzt. Wir verhindern die unbewusste und ungewollte Erfassung und \u00dcbertragung von Daten an den\u00a0Diensteanbieter\u00a0durch eine 2-Klick-L\u00f6sung. Um ein gew\u00fcnschtes\u00a0Social\u00a0Plugin\u00a0zu aktivieren, muss dieses erst durch Klick auf den entsprechenden Schalter aktiviert werden. Erst durch diese Aktivierung des\u00a0Plugins\u00a0wird auch die Erfassung von Informationen und deren \u00dcbertragung an den\u00a0Diensteanbieter\u00a0ausgel\u00f6st. Wir erfassen selbst keine personenbezogenen Daten mittels der\u00a0Social\u00a0Plugins\u00a0oder \u00fcber deren Nutzung.<\/p>\n<p>Wir haben keinen Einfluss darauf, welche Daten ein aktiviertes\u00a0Plugin\u00a0erfasst und wie diese durch den Anbieter verwendet werden. Derzeit muss davon ausgegangen werden, dass eine direkte Verbindung zu den Diensten des Anbieters ausgebaut wird sowie mindestens die IP-Adresse und ger\u00e4tebezogene Informationen erfasst und genutzt werden. Ebenfalls besteht die M\u00f6glichkeit, dass die\u00a0Diensteanbieter\u00a0versuchen, Cookies auf dem verwendeten Rechner zu speichern. Welche konkreten Daten hierbei erfasst und wie diese genutzt werden, entnehmen Sie bitte den Datenschutzhinweisen des jeweiligen\u00a0Diensteanbieters. Hinweis: Falls Sie zeitgleich bei Facebook angemeldet sind, kann Facebook Sie als Besucher einer bestimmten Seite identifizieren.<\/p>\n<p>Wir haben auf unserer Website die\u00a0Social-Media-Buttons folgender Unternehmen eingebunden:<\/p>\n<p>Facebook Inc. (1601 S. California Ave &#8211; Palo Alto &#8211; CA 94304 &#8211; USA)<\/p>\n<p>Google Plus\/Google Inc. (1600 Amphitheatre Parkway &#8211; Mountain View &#8211; CA 94043 &#8211; USA)<\/p>\n<p>Instagram LLC 1601 Willow Rd &#8211;\u00a0Menio\u00a0Park CA 94025 &#8211; USA<\/p>\n<p>Linked in Inc. 2029\u00a0Stierlin\u00a0Ct. &#8211; Mountain View &#8211; CA 94034 &#8211; USA<\/p>\n<p>Bitte beachten Sie, dass Sie die\u00a0Opt-out-Cookies nicht l\u00f6schen d\u00fcrfen, solange Sie keine Aufzeichnung von Messdaten w\u00fcnschen. Haben Sie alle Ihre Cookies im Browser gel\u00f6scht, m\u00fcssen Sie das jeweilige\u00a0Opt-out Cookie erneut setzen.<\/p>\n<p><strong>\u00c4nderung unserer Datenschutzbestimmungen<\/strong><\/p>\n<p>Wir behalten uns vor, diese Datenschutzerkl\u00e4rung gelegentlich anzupassen, damit sie stets den aktuellen rechtlichen Anforderungen entspricht oder um \u00c4nderungen unserer Leistungen in der Datenschutzerkl\u00e4rung umzusetzen, z. B. bei der Einf\u00fchrung neuer Services. F\u00fcr Ihren erneuten Besuch gilt dann die neue Datenschutzerkl\u00e4rung.<\/p>\n<p><strong>Ihre Rechte<\/strong><\/p>\n<p>Ihnen steht grunds\u00e4tzlich das Recht auf Auskunft, Berichtigung, L\u00f6schung, Einschr\u00e4nkung und Widerspruch zu. Zur Aus\u00fcbung Ihrer Rechte wenden Sie sich bitte an:<\/p>\n<p>AMPD d.o.o., CTDint,\u00a0<a href=\"mailto:info@ctdint.com\">info@ctdint.com<\/a>, +386 (0)41 916 937<\/p>\n<p>Wenn Sie der Meinung sind, dass die Verarbeitung Ihrer Daten gegen geltendes Datenschutzrecht verst\u00f6\u00dft oder Ihre datenschutzrechtlichen Anspr\u00fcche sonst in irgendeiner Weise verletzt worden sind, haben Sie die M\u00f6glichkeit, die Datenschutzbeh\u00f6rde damit zu befassen. www.dsb.gv.at<\/p>\n<p>&nbsp;<\/p>\n","protected":false},"excerpt":{"rendered":"<p>Erkl\u00e4rung zur Informationspflicht Der Schutz von personenbezogenen Daten ist uns wichtig und auch gesetzlich gefordert. Die Verarbeitung Ihrer personenbezogenen Daten erfolgt nach den datenschutzrechtlichen Bestimmungen. Die nachstehende \u00dcbersicht soll Sie \u00fcber die wichtigsten Aspekte der Verarbeitung personenbezogener Daten informieren. Zu welchem Zweck verarbeiten wir Ihre Daten: Interessenten- und Kundenverwaltung im Rahmen der Immobilienvermittlung (einschlie\u00dflich automationsunterst\u00fctzt [&hellip;]<\/p>\n","protected":false},"author":2,"featured_media":0,"parent":0,"menu_order":0,"comment_status":"closed","ping_status":"closed","template":"","meta":[],"acf":[],"yoast_head":"<!-- This site is optimized with the Yoast SEO plugin v18.4.1 - https:\/\/yoast.com\/wordpress\/plugins\/seo\/ -->\n<title>Datenschutzerkl\u00e4rung - CTDint<\/title>\n<meta name=\"robots\" content=\"index, follow, max-snippet:-1, max-image-preview:large, max-video-preview:-1\" \/>\n<link rel=\"canonical\" href=\"https:\/\/ctdint.com\/de\/datenschutz\/\" \/>\n<meta property=\"og:locale\" content=\"de_DE\" \/>\n<meta property=\"og:type\" content=\"article\" \/>\n<meta property=\"og:title\" content=\"Datenschutzerkl\u00e4rung - CTDint\" \/>\n<meta property=\"og:description\" content=\"Erkl\u00e4rung zur Informationspflicht Der Schutz von personenbezogenen Daten ist uns wichtig und auch gesetzlich gefordert. Die Verarbeitung Ihrer personenbezogenen Daten erfolgt nach den datenschutzrechtlichen Bestimmungen. Die nachstehende \u00dcbersicht soll Sie \u00fcber die wichtigsten Aspekte der Verarbeitung personenbezogener Daten informieren. Zu welchem Zweck verarbeiten wir Ihre Daten: Interessenten- und Kundenverwaltung im Rahmen der Immobilienvermittlung (einschlie\u00dflich automationsunterst\u00fctzt [&hellip;]\" \/>\n<meta property=\"og:url\" content=\"https:\/\/ctdint.com\/de\/datenschutz\/\" \/>\n<meta property=\"og:site_name\" content=\"CTDint\" \/>\n<meta property=\"article:modified_time\" content=\"2018-06-20T14:19:35+00:00\" \/>\n<meta name=\"twitter:card\" content=\"summary_large_image\" \/>\n<meta name=\"twitter:label1\" content=\"Gesch\u00e4tzte Lesezeit\" \/>\n\t<meta name=\"twitter:data1\" content=\"8\u00a0Minuten\" \/>\n<script type=\"application\/ld+json\" class=\"yoast-schema-graph\">{\"@context\":\"https:\/\/schema.org\",\"@graph\":[{\"@type\":\"Organization\",\"@id\":\"https:\/\/ctdint.com\/#organization\",\"name\":\"CTDint\",\"url\":\"https:\/\/ctdint.com\/\",\"sameAs\":[\"https:\/\/www.linkedin.com\/company\/10108721\"],\"logo\":{\"@type\":\"ImageObject\",\"@id\":\"https:\/\/ctdint.com\/#logo\",\"inLanguage\":\"de\",\"url\":\"https:\/\/ctdint.com\/wp-content\/uploads\/2017\/10\/ctd-logo.png\",\"contentUrl\":\"https:\/\/ctdint.com\/wp-content\/uploads\/2017\/10\/ctd-logo.png\",\"width\":534,\"height\":135,\"caption\":\"CTDint\"},\"image\":{\"@id\":\"https:\/\/ctdint.com\/#logo\"}},{\"@type\":\"WebSite\",\"@id\":\"https:\/\/ctdint.com\/#website\",\"url\":\"https:\/\/ctdint.com\/\",\"name\":\"CTDint\",\"description\":\"Connecting The Dots\",\"publisher\":{\"@id\":\"https:\/\/ctdint.com\/#organization\"},\"potentialAction\":[{\"@type\":\"SearchAction\",\"target\":{\"@type\":\"EntryPoint\",\"urlTemplate\":\"https:\/\/ctdint.com\/?s={search_term_string}\"},\"query-input\":\"required name=search_term_string\"}],\"inLanguage\":\"de\"},{\"@type\":\"WebPage\",\"@id\":\"https:\/\/ctdint.com\/de\/datenschutz\/#webpage\",\"url\":\"https:\/\/ctdint.com\/de\/datenschutz\/\",\"name\":\"Datenschutzerkl\u00e4rung - CTDint\",\"isPartOf\":{\"@id\":\"https:\/\/ctdint.com\/#website\"},\"datePublished\":\"2018-06-12T19:06:42+00:00\",\"dateModified\":\"2018-06-20T14:19:35+00:00\",\"breadcrumb\":{\"@id\":\"https:\/\/ctdint.com\/de\/datenschutz\/#breadcrumb\"},\"inLanguage\":\"de\",\"potentialAction\":[{\"@type\":\"ReadAction\",\"target\":[\"https:\/\/ctdint.com\/de\/datenschutz\/\"]}]},{\"@type\":\"BreadcrumbList\",\"@id\":\"https:\/\/ctdint.com\/de\/datenschutz\/#breadcrumb\",\"itemListElement\":[{\"@type\":\"ListItem\",\"position\":1,\"name\":\"Home\",\"item\":\"https:\/\/ctdint.com\/de\/\"},{\"@type\":\"ListItem\",\"position\":2,\"name\":\"Datenschutzerkl\u00e4rung\"}]}]}<\/script>\n<!-- \/ Yoast SEO plugin. -->","yoast_head_json":{"title":"Datenschutzerkl\u00e4rung - CTDint","robots":{"index":"index","follow":"follow","max-snippet":"max-snippet:-1","max-image-preview":"max-image-preview:large","max-video-preview":"max-video-preview:-1"},"canonical":"https:\/\/ctdint.com\/de\/datenschutz\/","og_locale":"de_DE","og_type":"article","og_title":"Datenschutzerkl\u00e4rung - CTDint","og_description":"Erkl\u00e4rung zur Informationspflicht Der Schutz von personenbezogenen Daten ist uns wichtig und auch gesetzlich gefordert. Die Verarbeitung Ihrer personenbezogenen Daten erfolgt nach den datenschutzrechtlichen Bestimmungen. Die nachstehende \u00dcbersicht soll Sie \u00fcber die wichtigsten Aspekte der Verarbeitung personenbezogener Daten informieren. Zu welchem Zweck verarbeiten wir Ihre Daten: Interessenten- und Kundenverwaltung im Rahmen der Immobilienvermittlung (einschlie\u00dflich automationsunterst\u00fctzt [&hellip;]","og_url":"https:\/\/ctdint.com\/de\/datenschutz\/","og_site_name":"CTDint","article_modified_time":"2018-06-20T14:19:35+00:00","twitter_card":"summary_large_image","twitter_misc":{"Gesch\u00e4tzte Lesezeit":"8\u00a0Minuten"},"schema":{"@context":"https:\/\/schema.org","@graph":[{"@type":"Organization","@id":"https:\/\/ctdint.com\/#organization","name":"CTDint","url":"https:\/\/ctdint.com\/","sameAs":["https:\/\/www.linkedin.com\/company\/10108721"],"logo":{"@type":"ImageObject","@id":"https:\/\/ctdint.com\/#logo","inLanguage":"de","url":"https:\/\/ctdint.com\/wp-content\/uploads\/2017\/10\/ctd-logo.png","contentUrl":"https:\/\/ctdint.com\/wp-content\/uploads\/2017\/10\/ctd-logo.png","width":534,"height":135,"caption":"CTDint"},"image":{"@id":"https:\/\/ctdint.com\/#logo"}},{"@type":"WebSite","@id":"https:\/\/ctdint.com\/#website","url":"https:\/\/ctdint.com\/","name":"CTDint","description":"Connecting The Dots","publisher":{"@id":"https:\/\/ctdint.com\/#organization"},"potentialAction":[{"@type":"SearchAction","target":{"@type":"EntryPoint","urlTemplate":"https:\/\/ctdint.com\/?s={search_term_string}"},"query-input":"required name=search_term_string"}],"inLanguage":"de"},{"@type":"WebPage","@id":"https:\/\/ctdint.com\/de\/datenschutz\/#webpage","url":"https:\/\/ctdint.com\/de\/datenschutz\/","name":"Datenschutzerkl\u00e4rung - CTDint","isPartOf":{"@id":"https:\/\/ctdint.com\/#website"},"datePublished":"2018-06-12T19:06:42+00:00","dateModified":"2018-06-20T14:19:35+00:00","breadcrumb":{"@id":"https:\/\/ctdint.com\/de\/datenschutz\/#breadcrumb"},"inLanguage":"de","potentialAction":[{"@type":"ReadAction","target":["https:\/\/ctdint.com\/de\/datenschutz\/"]}]},{"@type":"BreadcrumbList","@id":"https:\/\/ctdint.com\/de\/datenschutz\/#breadcrumb","itemListElement":[{"@type":"ListItem","position":1,"name":"Home","item":"https:\/\/ctdint.com\/de\/"},{"@type":"ListItem","position":2,"name":"Datenschutzerkl\u00e4rung"}]}]}},"_links":{"self":[{"href":"https:\/\/ctdint.com\/de\/wp-json\/wp\/v2\/pages\/407\/"}],"collection":[{"href":"https:\/\/ctdint.com\/de\/wp-json\/wp\/v2\/pages\/"}],"about":[{"href":"https:\/\/ctdint.com\/de\/wp-json\/wp\/v2\/types\/page\/"}],"author":[{"embeddable":true,"href":"https:\/\/ctdint.com\/de\/wp-json\/wp\/v2\/users\/2\/"}],"replies":[{"embeddable":true,"href":"https:\/\/ctdint.com\/de\/wp-json\/wp\/v2\/comments\/?post=407"}],"version-history":[{"count":5,"href":"https:\/\/ctdint.com\/de\/wp-json\/wp\/v2\/pages\/407\/revisions\/"}],"predecessor-version":[{"id":417,"href":"https:\/\/ctdint.com\/de\/wp-json\/wp\/v2\/pages\/407\/revisions\/417\/"}],"wp:attachment":[{"href":"https:\/\/ctdint.com\/de\/wp-json\/wp\/v2\/media\/?parent=407"}],"curies":[{"name":"wp","href":"https:\/\/api.w.org\/{rel}","templated":true}]}}